{"id":90,"date":"2023-08-25T08:00:04","date_gmt":"2023-08-25T08:00:04","guid":{"rendered":"http:\/\/www.rodrigoluxon.com\/?page_id=90"},"modified":"2023-09-12T16:41:07","modified_gmt":"2023-09-12T16:41:07","slug":"contacto","status":"publish","type":"page","link":"https:\/\/www.rodrigoluxon.com\/index.php\/contacto\/","title":{"rendered":"CONTACTO"},"content":{"rendered":"\n<div style=\"height:30px\" aria-hidden=\"true\" class=\"wp-block-spacer\"><\/div>\n\n\n\n<p class=\"has-text-align-center\">Puedes escribirme a<\/p>\n\n\n\n<p class=\"has-text-align-center\"><strong>rodrigoluxon@gmail.com<\/strong><\/p>\n\n\n\n<ul class=\"wp-block-social-links aligncenter is-content-justification-center is-layout-flex wp-container-core-social-links-is-layout-a89b3969 wp-block-social-links-is-layout-flex\"><li class=\"wp-social-link wp-social-link-mail  wp-block-social-link\"><a href=\"mailto:ro&#100;ri&#103;ol&#117;&#120;o&#110;&#064;&#103;&#109;ail&#046;c&#111;m\" class=\"wp-block-social-link-anchor\"><svg width=\"24\" height=\"24\" viewBox=\"0 0 24 24\" version=\"1.1\" xmlns=\"http:\/\/www.w3.org\/2000\/svg\" aria-hidden=\"true\" focusable=\"false\"><path d=\"M19,5H5c-1.1,0-2,.9-2,2v10c0,1.1.9,2,2,2h14c1.1,0,2-.9,2-2V7c0-1.1-.9-2-2-2zm.5,12c0,.3-.2.5-.5.5H5c-.3,0-.5-.2-.5-.5V9.8l7.5,5.6,7.5-5.6V17zm0-9.1L12,13.6,4.5,7.9V7c0-.3.2-.5.5-.5h14c.3,0,.5.2.5.5v.9z\"><\/path><\/svg><span class=\"wp-block-social-link-label screen-reader-text\">Mail<\/span><\/a><\/li><\/ul>\n\n\n\n<p class=\"has-text-align-center\">Tambi\u00e9n puedes contactar conmigo a trav\u00e9s del tel\u00e9fono<\/p>\n\n\n\n<p class=\"has-text-align-center\">+34 <strong>649 735 119<\/strong><\/p>\n\n\n\n<p><\/p>\n","protected":false},"excerpt":{"rendered":"<p>Puedes escribirme a rodrigoluxon@gmail.com Tambi\u00e9n puedes contactar conmigo a trav\u00e9s del tel\u00e9fono +34 649 735 119<\/p>\n","protected":false},"author":1,"featured_media":0,"parent":0,"menu_order":0,"comment_status":"closed","ping_status":"closed","template":"","meta":{"footnotes":""},"class_list":["post-90","page","type-page","status-publish","hentry"],"_links":{"self":[{"href":"https:\/\/www.rodrigoluxon.com\/index.php\/wp-json\/wp\/v2\/pages\/90","targetHints":{"allow":["GET"]}}],"collection":[{"href":"https:\/\/www.rodrigoluxon.com\/index.php\/wp-json\/wp\/v2\/pages"}],"about":[{"href":"https:\/\/www.rodrigoluxon.com\/index.php\/wp-json\/wp\/v2\/types\/page"}],"author":[{"embeddable":true,"href":"https:\/\/www.rodrigoluxon.com\/index.php\/wp-json\/wp\/v2\/users\/1"}],"replies":[{"embeddable":true,"href":"https:\/\/www.rodrigoluxon.com\/index.php\/wp-json\/wp\/v2\/comments?post=90"}],"version-history":[{"count":17,"href":"https:\/\/www.rodrigoluxon.com\/index.php\/wp-json\/wp\/v2\/pages\/90\/revisions"}],"predecessor-version":[{"id":251,"href":"https:\/\/www.rodrigoluxon.com\/index.php\/wp-json\/wp\/v2\/pages\/90\/revisions\/251"}],"wp:attachment":[{"href":"https:\/\/www.rodrigoluxon.com\/index.php\/wp-json\/wp\/v2\/media?parent=90"}],"curies":[{"name":"wp","href":"https:\/\/api.w.org\/{rel}","templated":true}]}}