{"id":88,"date":"2023-08-25T07:59:47","date_gmt":"2023-08-25T07:59:47","guid":{"rendered":"http:\/\/www.rodrigoluxon.com\/?page_id=88"},"modified":"2025-09-24T08:40:03","modified_gmt":"2025-09-24T08:40:03","slug":"biografia","status":"publish","type":"page","link":"https:\/\/www.rodrigoluxon.com\/index.php\/biografia\/","title":{"rendered":"Biograf\u00eda"},"content":{"rendered":"\n<figure class=\"wp-block-image size-large\"><img loading=\"lazy\" decoding=\"async\" width=\"1024\" height=\"699\" src=\"https:\/\/www.rodrigoluxon.com\/wp-content\/uploads\/2025\/09\/LUXON-BANNER-1-1-1024x699.png\" alt=\"\" class=\"wp-image-620\" srcset=\"https:\/\/www.rodrigoluxon.com\/wp-content\/uploads\/2025\/09\/LUXON-BANNER-1-1-1024x699.png 1024w, https:\/\/www.rodrigoluxon.com\/wp-content\/uploads\/2025\/09\/LUXON-BANNER-1-1-300x205.png 300w, https:\/\/www.rodrigoluxon.com\/wp-content\/uploads\/2025\/09\/LUXON-BANNER-1-1-768x524.png 768w, https:\/\/www.rodrigoluxon.com\/wp-content\/uploads\/2025\/09\/LUXON-BANNER-1-1-1536x1049.png 1536w, https:\/\/www.rodrigoluxon.com\/wp-content\/uploads\/2025\/09\/LUXON-BANNER-1-1-2048x1398.png 2048w\" sizes=\"auto, (max-width: 1024px) 100vw, 1024px\" \/><\/figure>\n\n\n\n<p>Soy un creador multidisciplinar con amplia experiencia como creador de contenidos y especialista en direcci\u00f3n de arte, una disciplina que integra mi recorrido por la ilustraci\u00f3n, la fotograf\u00eda, el dise\u00f1o gr\u00e1fico y el audiovisual. Mi estilo se caracteriza por el uso vibrante del color, la cultura pop y la est\u00e9tica kitsch, que dan forma a una identidad art\u00edstica \u00fanica: el mundo Luxon.<\/p>\n\n\n\n<p>Tras formarme en artes gr\u00e1ficas y explorar formatos como el cortometraje, el documental, el videoarte y la animaci\u00f3n \u2014\u00e1mbitos en los que obtuve diversos reconocimientos\u2014, he consolidado un perfil creativo vers\u00e1til y experimental. Actualmente desarrollo proyectos en Madrid para agencias de comunicaci\u00f3n, productoras, marcas y artistas del \u00e1mbito musical y digital, siempre desde una visi\u00f3n innovadora y aut\u00e9ntica.<\/p>\n\n\n\n<figure class=\"wp-block-image size-large\"><img loading=\"lazy\" decoding=\"async\" width=\"1024\" height=\"587\" src=\"https:\/\/www.rodrigoluxon.com\/wp-content\/uploads\/2025\/09\/LUXON-BANNER-2-1-1024x587.png\" alt=\"\" class=\"wp-image-621\" srcset=\"https:\/\/www.rodrigoluxon.com\/wp-content\/uploads\/2025\/09\/LUXON-BANNER-2-1-1024x587.png 1024w, https:\/\/www.rodrigoluxon.com\/wp-content\/uploads\/2025\/09\/LUXON-BANNER-2-1-300x172.png 300w, https:\/\/www.rodrigoluxon.com\/wp-content\/uploads\/2025\/09\/LUXON-BANNER-2-1-768x440.png 768w, https:\/\/www.rodrigoluxon.com\/wp-content\/uploads\/2025\/09\/LUXON-BANNER-2-1-1536x881.png 1536w, https:\/\/www.rodrigoluxon.com\/wp-content\/uploads\/2025\/09\/LUXON-BANNER-2-1-2048x1174.png 2048w\" sizes=\"auto, (max-width: 1024px) 100vw, 1024px\" \/><\/figure>\n","protected":false},"excerpt":{"rendered":"<p>Soy un creador multidisciplinar con amplia experiencia como creador de contenidos y especialista en direcci\u00f3n de arte, una disciplina que integra mi recorrido por la ilustraci\u00f3n, la fotograf\u00eda, el dise\u00f1o gr\u00e1fico y el audiovisual. Mi estilo se caracteriza por el uso vibrante del color, la cultura pop y la est\u00e9tica kitsch, que dan forma a [&hellip;]<\/p>\n","protected":false},"author":1,"featured_media":0,"parent":0,"menu_order":0,"comment_status":"closed","ping_status":"closed","template":"","meta":{"footnotes":""},"class_list":["post-88","page","type-page","status-publish","hentry"],"_links":{"self":[{"href":"https:\/\/www.rodrigoluxon.com\/index.php\/wp-json\/wp\/v2\/pages\/88","targetHints":{"allow":["GET"]}}],"collection":[{"href":"https:\/\/www.rodrigoluxon.com\/index.php\/wp-json\/wp\/v2\/pages"}],"about":[{"href":"https:\/\/www.rodrigoluxon.com\/index.php\/wp-json\/wp\/v2\/types\/page"}],"author":[{"embeddable":true,"href":"https:\/\/www.rodrigoluxon.com\/index.php\/wp-json\/wp\/v2\/users\/1"}],"replies":[{"embeddable":true,"href":"https:\/\/www.rodrigoluxon.com\/index.php\/wp-json\/wp\/v2\/comments?post=88"}],"version-history":[{"count":27,"href":"https:\/\/www.rodrigoluxon.com\/index.php\/wp-json\/wp\/v2\/pages\/88\/revisions"}],"predecessor-version":[{"id":622,"href":"https:\/\/www.rodrigoluxon.com\/index.php\/wp-json\/wp\/v2\/pages\/88\/revisions\/622"}],"wp:attachment":[{"href":"https:\/\/www.rodrigoluxon.com\/index.php\/wp-json\/wp\/v2\/media?parent=88"}],"curies":[{"name":"wp","href":"https:\/\/api.w.org\/{rel}","templated":true}]}}